{"id":56,"date":"2025-04-25T10:39:52","date_gmt":"2025-04-25T08:39:52","guid":{"rendered":"http:\/\/www.zenitudepocket.com\/?page_id=56"},"modified":"2025-11-27T22:14:58","modified_gmt":"2025-11-27T21:14:58","slug":"zenitude-pocket","status":"publish","type":"page","link":"http:\/\/www.zenitudepocket.com\/","title":{"rendered":"Pour les \u00e9coles"},"content":{"rendered":"<p>[et_pb_section fb_built=\u00a0\u00bb1&Prime; admin_label=\u00a0\u00bbHero\u00a0\u00bb _builder_version=\u00a0\u00bb4.27.4&Prime; _module_preset=\u00a0\u00bbdefault\u00a0\u00bb custom_margin=\u00a0\u00bb||-101px|||\u00a0\u00bb custom_padding=\u00a0\u00bb8vw||8vw||false|false\u00a0\u00bb locked=\u00a0\u00bboff\u00a0\u00bb collapsed=\u00a0\u00bbon\u00a0\u00bb global_colors_info=\u00a0\u00bb{}\u00a0\u00bb min_height=\u00a0\u00bb855.1px\u00a0\u00bb][et_pb_row column_structure=\u00a0\u00bb3_4,1_4&Prime; _builder_version=\u00a0\u00bb4.18.0&Prime; _module_preset=\u00a0\u00bb5138c454-be54-4233-bd3b-f8e6a8747976&Prime; min_height=\u00a0\u00bb198.2px\u00a0\u00bb custom_margin=\u00a0\u00bb|auto|-1px|auto||\u00a0\u00bb global_colors_info=\u00a0\u00bb{}\u00a0\u00bb][et_pb_column type=\u00a0\u00bb3_4&Prime; _builder_version=\u00a0\u00bb4.18.0&Prime; _module_preset=\u00a0\u00bb73121f80-a3ef-4484-8763-c3f18e3c56d2&Prime; global_colors_info=\u00a0\u00bb{}\u00a0\u00bb][et_pb_image src=\u00a0\u00bbhttp:\/\/www.zenitudepocket.com\/wp-content\/uploads\/2025\/08\/IMG250806.png\u00a0\u00bb title_text=\u00a0\u00bbIMG250806&Prime; _builder_version=\u00a0\u00bb4.27.4&Prime; _module_preset=\u00a0\u00bbdefault\u00a0\u00bb width=\u00a0\u00bb65%\u00a0\u00bb custom_padding=\u00a0\u00bb0px|379px||||\u00a0\u00bb global_colors_info=\u00a0\u00bb{}\u00a0\u00bb][\/et_pb_image][et_pb_heading title=\u00a0\u00bbPlongez dans l&rsquo;univers de la pause num\u00e9rique\u00a0\u00bb _builder_version=\u00a0\u00bb4.27.4&Prime; _module_preset=\u00a0\u00bbdefault\u00a0\u00bb title_font=\u00a0\u00bbRoboto|300|||||||\u00a0\u00bb title_text_color=\u00a0\u00bb#474747&Prime; title_font_size=\u00a0\u00bb60px\u00a0\u00bb title_line_height=\u00a0\u00bb1.15em\u00a0\u00bb width=\u00a0\u00bb100%\u00a0\u00bb title_font_size_tablet=\u00a0\u00bb40px\u00a0\u00bb title_font_size_phone=\u00a0\u00bb24px\u00a0\u00bb title_font_size_last_edited=\u00a0\u00bbon|desktop\u00a0\u00bb locked=\u00a0\u00bboff\u00a0\u00bb global_colors_info=\u00a0\u00bb{}\u00a0\u00bb][\/et_pb_heading][\/et_pb_column][et_pb_column type=\u00a0\u00bb1_4&Prime; _builder_version=\u00a0\u00bb4.18.0&Prime; _module_preset=\u00a0\u00bb73121f80-a3ef-4484-8763-c3f18e3c56d2&Prime; global_colors_info=\u00a0\u00bb{}\u00a0\u00bb][\/et_pb_column][\/et_pb_row][et_pb_row _builder_version=\u00a0\u00bb4.23.1&Prime; _module_preset=\u00a0\u00bb5138c454-be54-4233-bd3b-f8e6a8747976&Prime; width=\u00a0\u00bb74.5%\u00a0\u00bb custom_padding=\u00a0\u00bb|172px||||\u00a0\u00bb global_colors_info=\u00a0\u00bb{}\u00a0\u00bb][et_pb_column type=\u00a0\u00bb4_4&Prime; _builder_version=\u00a0\u00bb4.17.4&Prime; _module_preset=\u00a0\u00bb73121f80-a3ef-4484-8763-c3f18e3c56d2&Prime; global_colors_info=\u00a0\u00bb{}\u00a0\u00bb][et_pb_image src=\u00a0\u00bbhttp:\/\/www.zenitudepocket.com\/wp-content\/uploads\/2025\/04\/Nom-du-fichierpochette212-scaled.jpg\u00a0\u00bb title_text=\u00a0\u00bbNom du fichierpochette212&Prime; show_in_lightbox=\u00a0\u00bbon\u00a0\u00bb use_overlay=\u00a0\u00bbon\u00a0\u00bb overlay_icon_color=\u00a0\u00bb#57cc99&Prime; _builder_version=\u00a0\u00bb4.27.4&Prime; _module_preset=\u00a0\u00bb6ed8fd5c-62c5-4100-98c3-7b8b6d2c2ee6&Prime; width=\u00a0\u00bb90%\u00a0\u00bb custom_margin=\u00a0\u00bb|-195px||||\u00a0\u00bb custom_padding=\u00a0\u00bb|0px||||\u00a0\u00bb border_radii=\u00a0\u00bbon|6px|6px|6px|6px\u00a0\u00bb locked=\u00a0\u00bboff\u00a0\u00bb global_colors_info=\u00a0\u00bb{%22#57cc99%22:%91%22overlay_icon_color%22%93}\u00a0\u00bb][\/et_pb_image][\/et_pb_column][\/et_pb_row][\/et_pb_section][et_pb_section fb_built=\u00a0\u00bb1&Prime; admin_label=\u00a0\u00bbGallery\u00a0\u00bb _builder_version=\u00a0\u00bb4.17.4&Prime; _module_preset=\u00a0\u00bbdefault\u00a0\u00bb locked=\u00a0\u00bboff\u00a0\u00bb collapsed=\u00a0\u00bbon\u00a0\u00bb global_colors_info=\u00a0\u00bb{}\u00a0\u00bb][et_pb_row _builder_version=\u00a0\u00bb4.27.4&Prime; _module_preset=\u00a0\u00bbdefault\u00a0\u00bb global_colors_info=\u00a0\u00bb{}\u00a0\u00bb][et_pb_column type=\u00a0\u00bb4_4&Prime; _builder_version=\u00a0\u00bb4.27.4&Prime; _module_preset=\u00a0\u00bbdefault\u00a0\u00bb global_colors_info=\u00a0\u00bb{}\u00a0\u00bb][et_pb_text _builder_version=\u00a0\u00bb4.27.4&Prime; _module_preset=\u00a0\u00bbdefault\u00a0\u00bb custom_padding=\u00a0\u00bb|290px||||\u00a0\u00bb global_colors_info=\u00a0\u00bb{}\u00a0\u00bb]<\/p>\n<p>Les t\u00e9l\u00e9phones portables sont d\u00e9sormais interdits dans toutes les \u00e9coles francophones belges.<\/p>\n<p><strong>\u00ab\u00a0<em>Z\u00e9nitude<\/em><em><span style=\"color: #ff0000;\">Pocket<\/span><\/em><\/strong><strong>\u00ab\u00a0<\/strong>, c\u2019est une solution anti-ondes simple, efficace, peu on\u00e9reuse et conforme \u00e0 la nouvelle r\u00e9glementation ;<\/p>\n<p>Le d\u00e9fi pour votre \u00e9tablissement d\u00e8s la rentr\u00e9e de septembre 2025 :<\/p>\n<ul>\n<li>Faire respecter l\u2019interdiction totale des t\u00e9l\u00e9phones portables ;<\/li>\n<li>\u00c9viter les conflits avec les \u00e9l\u00e8ves et les parents\u00a0;<\/li>\n<li>Proposer une solution pratique et s\u00e9curis\u00e9e\u00a0;<\/li>\n<li>Am\u00e9liorer la concentration et le climat scolaire.<\/li>\n<\/ul>\n<p>\u00a0La pochette anti-ondes <strong>\u00ab\u00a0<em>Z\u00e9nitude<\/em><em><span style=\"color: #ff0000;\">Pocket<\/span><\/em><\/strong><strong>\u00a0\u00bb <\/strong>va vous aider \u00e0 r\u00e9aliser ces objectifs.<\/p>\n<p>\u00a0<strong>Le principe\u00a0:<\/strong><\/p>\n<ol>\n<li>A l\u2019entr\u00e9e : l\u2019\u00e9l\u00e8ve glisse son t\u00e9l\u00e9phone dans la pochette anti-ondes, fermeture s\u00e9curis\u00e9e : une fois ferm\u00e9e au moyen de la fermeture r\u00e9tractable<strong style=\"font-size: 14px;\">, les signaux sont bloqu\u00e9s.<\/strong><\/li>\n<li>Pendant la journ\u00e9e\u00a0: le t\u00e9l\u00e9phone est pr\u00e9sent, mais est 100% d\u00e9connect\u00e9 de tout signal.<\/li>\n<li>A la sortie\u00a0: l\u2019\u00e9l\u00e8ve d\u00e9verrouille la pochette au moyen des d\u00e9verrouilleurs muraux plac\u00e9s pr\u00e8s de la sortie. Ensuite il la range \u00e0 l\u2019endroit ad hoc (panier, armoire&#8230;).<\/li>\n<\/ol>\n<p>[\/et_pb_text][\/et_pb_column][\/et_pb_row][et_pb_row column_structure=\u00a0\u00bb1_3,1_3,1_3&Prime; _builder_version=\u00a0\u00bb4.27.4&Prime; _module_preset=\u00a0\u00bbdefault\u00a0\u00bb global_colors_info=\u00a0\u00bb{}\u00a0\u00bb][et_pb_column type=\u00a0\u00bb1_3&Prime; _builder_version=\u00a0\u00bb4.27.4&Prime; _module_preset=\u00a0\u00bbdefault\u00a0\u00bb global_colors_info=\u00a0\u00bb{}\u00a0\u00bb][et_pb_text _builder_version=\u00a0\u00bb4.27.4&Prime; _module_preset=\u00a0\u00bbdefault\u00a0\u00bb text_font=\u00a0\u00bbCairo|600|||||||\u00a0\u00bb global_colors_info=\u00a0\u00bb{}\u00a0\u00bb]<\/p>\n<p style=\"text-align: center;\"><strong>1. Insertion<\/strong><\/p>\n<p style=\"text-align: center;\"><strong>Ins\u00e9rez le t\u00e9l\u00e9phone dans la pochette<\/strong><\/p>\n<p>[\/et_pb_text][\/et_pb_column][et_pb_column type=\u00a0\u00bb1_3&Prime; _builder_version=\u00a0\u00bb4.27.4&Prime; _module_preset=\u00a0\u00bbdefault\u00a0\u00bb global_colors_info=\u00a0\u00bb{}\u00a0\u00bb][et_pb_text _builder_version=\u00a0\u00bb4.27.4&Prime; _module_preset=\u00a0\u00bbdefault\u00a0\u00bb global_colors_info=\u00a0\u00bb{}\u00a0\u00bb]<\/p>\n<p style=\"text-align: center;\">\n<p style=\"text-align: center;\">Entr\u00e9e \/ Sortie de l&rsquo;\u00e9tablissement<\/p>\n<p>[\/et_pb_text][\/et_pb_column][et_pb_column type=\u00a0\u00bb1_3&Prime; _builder_version=\u00a0\u00bb4.27.4&Prime; _module_preset=\u00a0\u00bbdefault\u00a0\u00bb global_colors_info=\u00a0\u00bb{}\u00a0\u00bb][et_pb_text _builder_version=\u00a0\u00bb4.27.4&Prime; _module_preset=\u00a0\u00bbdefault\u00a0\u00bb global_colors_info=\u00a0\u00bb{}\u00a0\u00bb]<\/p>\n<p style=\"text-align: center;\">2. Verrouillage<\/p>\n<p style=\"text-align: center;\">Appuyez sur le goupillon en le placant dans le trou pr\u00e9vu \u00e0 cet effet<\/p>\n<p>[\/et_pb_text][\/et_pb_column][\/et_pb_row][et_pb_row column_structure=\u00a0\u00bb1_3,1_3,1_3&Prime; _builder_version=\u00a0\u00bb4.27.4&Prime; _module_preset=\u00a0\u00bbdefault\u00a0\u00bb global_colors_info=\u00a0\u00bb{}\u00a0\u00bb][et_pb_column type=\u00a0\u00bb1_3&Prime; _builder_version=\u00a0\u00bb4.27.4&Prime; _module_preset=\u00a0\u00bbdefault\u00a0\u00bb global_colors_info=\u00a0\u00bb{}\u00a0\u00bb][et_pb_image src=\u00a0\u00bbhttp:\/\/www.zenitudepocket.com\/wp-content\/uploads\/2025\/08\/IM250802.png\u00a0\u00bb title_text=\u00a0\u00bbIM250802&Prime; _builder_version=\u00a0\u00bb4.27.4&Prime; _module_preset=\u00a0\u00bbdefault\u00a0\u00bb custom_padding=\u00a0\u00bb|140px||||\u00a0\u00bb global_colors_info=\u00a0\u00bb{}\u00a0\u00bb][\/et_pb_image][\/et_pb_column][et_pb_column type=\u00a0\u00bb1_3&Prime; _builder_version=\u00a0\u00bb4.27.4&Prime; _module_preset=\u00a0\u00bbdefault\u00a0\u00bb global_colors_info=\u00a0\u00bb{}\u00a0\u00bb][et_pb_image src=\u00a0\u00bbhttp:\/\/www.zenitudepocket.com\/wp-content\/uploads\/2025\/08\/IM250801.png\u00a0\u00bb title_text=\u00a0\u00bbIM250801&Prime; _builder_version=\u00a0\u00bb4.27.4&Prime; _module_preset=\u00a0\u00bbdefault\u00a0\u00bb custom_margin=\u00a0\u00bb|39px|-32px|||\u00a0\u00bb global_colors_info=\u00a0\u00bb{}\u00a0\u00bb][\/et_pb_image][\/et_pb_column][et_pb_column type=\u00a0\u00bb1_3&Prime; _builder_version=\u00a0\u00bb4.27.4&Prime; _module_preset=\u00a0\u00bbdefault\u00a0\u00bb global_colors_info=\u00a0\u00bb{}\u00a0\u00bb][et_pb_image src=\u00a0\u00bbhttp:\/\/www.zenitudepocket.com\/wp-content\/uploads\/2025\/08\/IM250803.png\u00a0\u00bb title_text=\u00a0\u00bbIM250803&Prime; _builder_version=\u00a0\u00bb4.27.4&Prime; _module_preset=\u00a0\u00bbdefault\u00a0\u00bb global_colors_info=\u00a0\u00bb{}\u00a0\u00bb][\/et_pb_image][\/et_pb_column][\/et_pb_row][et_pb_row column_structure=\u00a0\u00bb1_2,1_2&Prime; _builder_version=\u00a0\u00bb4.27.4&Prime; _module_preset=\u00a0\u00bbdefault\u00a0\u00bb min_height=\u00a0\u00bb178.2px\u00a0\u00bb global_colors_info=\u00a0\u00bb{}\u00a0\u00bb][et_pb_column type=\u00a0\u00bb1_2&Prime; _builder_version=\u00a0\u00bb4.27.4&Prime; _module_preset=\u00a0\u00bbdefault\u00a0\u00bb global_colors_info=\u00a0\u00bb{}\u00a0\u00bb][et_pb_text _builder_version=\u00a0\u00bb4.27.4&Prime; _module_preset=\u00a0\u00bbdefault\u00a0\u00bb custom_padding=\u00a0\u00bb||0px|||\u00a0\u00bb global_colors_info=\u00a0\u00bb{}\u00a0\u00bb]<\/p>\n<ol start=\"3\">\n<li><strong><em>D\u00e9verrouillage <\/em><\/strong><\/li>\n<\/ol>\n<p>D\u00e9verrouillez rapidement la pochette<\/p>\n<p>en posant le goupillon contre le d\u00e9verrouilleur.<\/p>\n<p>L\u2019\u00e9l\u00e8ve r\u00e9cup\u00e8re son t\u00e9l\u00e9phone et range la pochette<\/p>\n<p>\u00e0 l\u2019emplacement\u00a0pr\u00e9vu \u00e0 cet effet.<\/p>\n<p>[\/et_pb_text][\/et_pb_column][et_pb_column type=\u00a0\u00bb1_2&Prime; _builder_version=\u00a0\u00bb4.27.4&Prime; _module_preset=\u00a0\u00bbdefault\u00a0\u00bb global_colors_info=\u00a0\u00bb{}\u00a0\u00bb][et_pb_image src=\u00a0\u00bbhttp:\/\/www.zenitudepocket.com\/wp-content\/uploads\/2025\/08\/IMG250807.png.jpg\u00a0\u00bb title_text=\u00a0\u00bbIMG250807.png\u00a0\u00bb _builder_version=\u00a0\u00bb4.27.4&Prime; _module_preset=\u00a0\u00bbdefault\u00a0\u00bb custom_padding=\u00a0\u00bb|215px||||\u00a0\u00bb global_colors_info=\u00a0\u00bb{}\u00a0\u00bb][\/et_pb_image][\/et_pb_column][\/et_pb_row][et_pb_row _builder_version=\u00a0\u00bb4.27.4&Prime; _module_preset=\u00a0\u00bbdefault\u00a0\u00bb global_colors_info=\u00a0\u00bb{}\u00a0\u00bb][et_pb_column type=\u00a0\u00bb4_4&Prime; _builder_version=\u00a0\u00bb4.27.4&Prime; _module_preset=\u00a0\u00bbdefault\u00a0\u00bb global_colors_info=\u00a0\u00bb{}\u00a0\u00bb][et_pb_text _builder_version=\u00a0\u00bb4.27.4&Prime; _module_preset=\u00a0\u00bbdefault\u00a0\u00bb custom_padding=\u00a0\u00bb||4px|||\u00a0\u00bb hover_enabled=\u00a0\u00bb0&Prime; global_colors_info=\u00a0\u00bb{}\u00a0\u00bb sticky_enabled=\u00a0\u00bb0&Prime;]<\/p>\n<p><em>Placez les d\u00e9verrouilleurs muraux \u00e0 des emplacements sp\u00e9cifiques pr\u00e8s de la sortie de l\u2019\u00e9tablissement afin de cr\u00e9er des zones tampons o\u00f9 les \u00e9l\u00e8ves pourront ais\u00e9ment d\u00e9verrouiller leurs t\u00e9l\u00e9phones.<\/em><\/p>\n<p><em>Le d\u00e9verrouillage est <strong>imm\u00e9diat <\/strong>lorsque que la pochette est pos\u00e9e sur le d\u00e9verrouilleur; cela permet de fluidifier le passage et d\u2019\u00e9viter des attroupements dans cette zone tampon.<\/em><\/p>\n<p>[\/et_pb_text][\/et_pb_column][\/et_pb_row][et_pb_row _builder_version=\u00a0\u00bb4.27.4&Prime; _module_preset=\u00a0\u00bbdefault\u00a0\u00bb custom_margin=\u00a0\u00bb-22px|auto||auto||\u00a0\u00bb global_colors_info=\u00a0\u00bb{}\u00a0\u00bb][et_pb_column type=\u00a0\u00bb4_4&Prime; _builder_version=\u00a0\u00bb4.27.4&Prime; _module_preset=\u00a0\u00bbdefault\u00a0\u00bb global_colors_info=\u00a0\u00bb{}\u00a0\u00bb][et_pb_text _builder_version=\u00a0\u00bb4.27.4&Prime; _module_preset=\u00a0\u00bbdefault\u00a0\u00bb custom_margin=\u00a0\u00bb||-48px|||\u00a0\u00bb custom_padding=\u00a0\u00bb0px|||||\u00a0\u00bb hover_enabled=\u00a0\u00bb0&Prime; global_colors_info=\u00a0\u00bb{}\u00a0\u00bb sticky_enabled=\u00a0\u00bb0&Prime;]<\/p>\n<p><span style=\"font-size: large;\">Pourquoi la solution <strong>\u00ab\u00a0<em>Z\u00e9nitude<\/em><em><span style=\"color: #ff0000;\">Pocket<\/span><\/em><\/strong><strong>\u00a0\u00bb <\/strong><strong>?<\/strong><\/span><\/p>\n<ul>\n<li><span style=\"font-size: 14px;\">S\u00e9curit\u00e9 totale : bloque toutes les connexions (de 2G \u00e0 5G, Wifi, Bluetooth)<\/span><\/li>\n<li>Format XXL\u00a0: compatible avec tous les smartphones du march\u00e9.<\/li>\n<li>Ultra rapide\u00a0: fermeture\/ouverture en 2 secondes.<\/li>\n<li>Equitable\u00a0: m\u00eame traitement pour tous les \u00e9l\u00e8ves.<\/li>\n<li>Economique\u00a0: solution durable et r\u00e9utilisable.<\/li>\n<li>Personnalisable\u00a0: au nom de votre \u00e9tablissement.<\/li>\n<\/ul>\n<p><span style=\"font-size: large;\"><strong>Des <span style=\"font-size: large;\">b\u00e9n\u00e9fices <\/span>prouv\u00e9s<\/strong><\/span><\/p>\n<h3><span style=\"font-size: large; color: #0c71c3;\"><strong><em>Pour les \u00e9l\u00e8ves\u00a0<\/em><\/strong><\/span><\/h3>\n<ul>\n<li><em>Concentration renforc\u00e9e en classe (+20 minutes selon l\u2019Unesco).<\/em><\/li>\n<li><em>Vraies interactions sociales pendant les r\u00e9cr\u00e9ations.<\/em><\/li>\n<li><em>R\u00e9duction du stress et des troubles du sommeil.<\/em><\/li>\n<li><em>Protection contre le cyberharc\u00e8lement.<\/em><\/li>\n<\/ul>\n<p><span style=\"font-size: large; color: #0c71c3;\"><strong><em>Pour les enseignants<\/em><\/strong><\/span><\/p>\n<ul>\n<li><em>Climat de classe apais\u00e9.<\/em><\/li>\n<li><em>Meilleure \u00e9coute des \u00e9l\u00e8ves.<\/em><\/li>\n<li><em>Plus de temps consacr\u00e9 \u00e0 l\u2019enseignement, moins de conflits li\u00e9s aux t\u00e9l\u00e9phones.<\/em><\/li>\n<\/ul>\n<p><span style=\"font-size: large; color: #0c71c3;\"><strong><em>Pour l\u2019\u00e9tablissement<\/em><\/strong><\/span><\/p>\n<ul>\n<li style=\"text-align: left;\"><em>Conformit\u00e9 r\u00e9glementaire garantie.<\/em><\/li>\n<li style=\"text-align: left;\"><em>Image moderne et responsable.<\/em><\/li>\n<li style=\"text-align: left;\"><em>Satisfaction des parents.<\/em><\/li>\n<li style=\"text-align: left;\"><em>Am\u00e9lioration des r\u00e9sultats scolaires<\/em><\/li>\n<\/ul>\n<p>&nbsp;<\/p>\n<p>[\/et_pb_text][\/et_pb_column][\/et_pb_row][et_pb_row column_structure=\u00a0\u00bb1_2,1_2&Prime; _builder_version=\u00a0\u00bb4.27.4&Prime; _module_preset=\u00a0\u00bbdefault\u00a0\u00bb global_colors_info=\u00a0\u00bb{}\u00a0\u00bb][et_pb_column type=\u00a0\u00bb1_2&Prime; _builder_version=\u00a0\u00bb4.27.4&Prime; _module_preset=\u00a0\u00bbdefault\u00a0\u00bb global_colors_info=\u00a0\u00bb{}\u00a0\u00bb][et_pb_text _builder_version=\u00a0\u00bb4.27.4&Prime; _module_preset=\u00a0\u00bbdefault\u00a0\u00bb custom_padding=\u00a0\u00bb0px|||||\u00a0\u00bb global_colors_info=\u00a0\u00bb{}\u00a0\u00bb]<\/p>\n<p><strong>Une tendance europ\u00e9enne\u00a0<\/strong><\/p>\n<p><strong> <\/strong>la Belgique rejoint la France, la Finlande et les Pays-Bas qui ont d\u00e9j\u00e0 adopt\u00e9 cette mesure avec succ\u00e8s.<\/p>\n<p>[\/et_pb_text][\/et_pb_column][et_pb_column type=\u00a0\u00bb1_2&Prime; _builder_version=\u00a0\u00bb4.27.4&Prime; _module_preset=\u00a0\u00bbdefault\u00a0\u00bb global_colors_info=\u00a0\u00bb{}\u00a0\u00bb][et_pb_image src=\u00a0\u00bbhttp:\/\/www.zenitudepocket.com\/wp-content\/uploads\/2025\/08\/IM250805.png\u00a0\u00bb title_text=\u00a0\u00bbIM250805&Prime; _builder_version=\u00a0\u00bb4.27.4&Prime; _module_preset=\u00a0\u00bbdefault\u00a0\u00bb width=\u00a0\u00bb50%\u00a0\u00bb max_width=\u00a0\u00bb62%\u00a0\u00bb module_alignment=\u00a0\u00bbcenter\u00a0\u00bb custom_padding=\u00a0\u00bb|42px|0px|||\u00a0\u00bb global_colors_info=\u00a0\u00bb{}\u00a0\u00bb][\/et_pb_image][\/et_pb_column][\/et_pb_row][et_pb_row _builder_version=\u00a0\u00bb4.27.4&Prime; _module_preset=\u00a0\u00bbdefault\u00a0\u00bb global_colors_info=\u00a0\u00bb{}\u00a0\u00bb][et_pb_column type=\u00a0\u00bb4_4&Prime; _builder_version=\u00a0\u00bb4.27.4&Prime; _module_preset=\u00a0\u00bbdefault\u00a0\u00bb global_colors_info=\u00a0\u00bb{}\u00a0\u00bb][et_pb_text _builder_version=\u00a0\u00bb4.27.4&Prime; _module_preset=\u00a0\u00bbdefault\u00a0\u00bb global_colors_info=\u00a0\u00bb{}\u00a0\u00bb]<\/p>\n<p><strong>Sp\u00e9cifications techniques<\/strong><\/p>\n<ul>\n<li>Blocage\u00a0: 100% des signaux (2G\/3G\/4G\/5G, Wifi, Bluetooth).<\/li>\n<li>Compatibilit\u00e9 Smartphones XXL.<\/li>\n<li>Mat\u00e9riau textile anti-ondes haute performance.<\/li>\n<li>Fermeture brevet\u00e9e syst\u00e8me r\u00e9tractable.<\/li>\n<li>Durabilit\u00e9 test\u00e9e ouverture\/fermeture.<\/li>\n<li>Personnalisation possible, logo, texte personnalisable.<\/li>\n<\/ul>\n<p>[\/et_pb_text][\/et_pb_column][\/et_pb_row][et_pb_row column_structure=\u00a0\u00bb2_5,3_5&Prime; _builder_version=\u00a0\u00bb4.27.4&Prime; _module_preset=\u00a0\u00bbdefault\u00a0\u00bb global_colors_info=\u00a0\u00bb{}\u00a0\u00bb][et_pb_column type=\u00a0\u00bb2_5&Prime; _builder_version=\u00a0\u00bb4.27.4&Prime; _module_preset=\u00a0\u00bbdefault\u00a0\u00bb global_colors_info=\u00a0\u00bb{}\u00a0\u00bb][et_pb_image src=\u00a0\u00bbhttp:\/\/www.zenitudepocket.com\/wp-content\/uploads\/2025\/08\/IMG250806.png\u00a0\u00bb title_text=\u00a0\u00bbIMG250806&Prime; _builder_version=\u00a0\u00bb4.27.4&Prime; _module_preset=\u00a0\u00bbdefault\u00a0\u00bb global_colors_info=\u00a0\u00bb{}\u00a0\u00bb][\/et_pb_image][\/et_pb_column][et_pb_column type=\u00a0\u00bb3_5&Prime; _builder_version=\u00a0\u00bb4.27.4&Prime; _module_preset=\u00a0\u00bbdefault\u00a0\u00bb global_colors_info=\u00a0\u00bb{}\u00a0\u00bb][et_pb_text _builder_version=\u00a0\u00bb4.27.4&Prime; _module_preset=\u00a0\u00bbdefault\u00a0\u00bb global_colors_info=\u00a0\u00bb{}\u00a0\u00bb]<\/p>\n<p style=\"margin: 0in; font-family: Roboto; font-size: 10.0pt; color: #979797;\" lang=\"fr\"><span style=\"font-weight: bold; font-size: large;\">Nous contacter<\/span><\/p>\n<p style=\"margin: 0in; font-family: Roboto; font-size: 10.0pt; color: #979797;\">Belgique : T\u00e9l : 02 460 12 12<\/p>\n<p style=\"margin: 0in; font-family: Roboto; font-size: 10.0pt;\" lang=\"fr\"><a href=\"mailto:contact@securityandprotection.fr\">info@securityandprotection.com<\/a><\/p>\n<p style=\"margin: 0in; font-family: Roboto; font-size: 10.0pt; color: #979797;\">\n<p style=\"margin: 0in; font-family: Roboto; font-size: 10.0pt; color: #979797;\">France : T\u00e9l : 01 60 60 17 17<\/p>\n<p style=\"margin: 0in; font-family: Roboto; font-size: 10.0pt;\" lang=\"fr\"><a href=\"mailto:contact@securityandprotection.fr\">contact@securityandprotection.fr<\/a><\/p>\n<p>[\/et_pb_text][\/et_pb_column][\/et_pb_row][\/et_pb_section][et_pb_section fb_built=\u00a0\u00bb1&Prime; _builder_version=\u00a0\u00bb4.27.4&Prime; _module_preset=\u00a0\u00bbdefault\u00a0\u00bb global_colors_info=\u00a0\u00bb{}\u00a0\u00bb][et_pb_row column_structure=\u00a0\u00bb1_3,1_3,1_3&Prime; _builder_version=\u00a0\u00bb4.27.4&Prime; _module_preset=\u00a0\u00bbdefault\u00a0\u00bb global_colors_info=\u00a0\u00bb{}\u00a0\u00bb][et_pb_column type=\u00a0\u00bb1_3&Prime; _builder_version=\u00a0\u00bb4.27.4&Prime; _module_preset=\u00a0\u00bbdefault\u00a0\u00bb global_colors_info=\u00a0\u00bb{}\u00a0\u00bb][et_pb_image src=\u00a0\u00bbhttp:\/\/www.zenitudepocket.com\/wp-content\/uploads\/2025\/04\/lsp-1.png\u00a0\u00bb title_text=\u00a0\u00bbLGSP\u00a0\u00bb _builder_version=\u00a0\u00bb4.27.4&Prime; _module_preset=\u00a0\u00bbdefault\u00a0\u00bb global_colors_info=\u00a0\u00bb{}\u00a0\u00bb][\/et_pb_image][\/et_pb_column][et_pb_column type=\u00a0\u00bb1_3&Prime; _builder_version=\u00a0\u00bb4.27.4&Prime; _module_preset=\u00a0\u00bbdefault\u00a0\u00bb global_colors_info=\u00a0\u00bb{}\u00a0\u00bb][et_pb_text _builder_version=\u00a0\u00bb4.27.4&Prime; _module_preset=\u00a0\u00bbdefault\u00a0\u00bb text_font=\u00a0\u00bbRoboto|500|||||||\u00a0\u00bb text_text_color=\u00a0\u00bb#000000&Prime; text_font_size=\u00a0\u00bb11px\u00a0\u00bb text_line_height=\u00a0\u00bb1.1em\u00a0\u00bb header_font=\u00a0\u00bbRoboto||||||||\u00a0\u00bb header_text_color=\u00a0\u00bb#000000&Prime; custom_padding=\u00a0\u00bb||3px|||\u00a0\u00bb global_colors_info=\u00a0\u00bb{}\u00a0\u00bb]<\/p>\n<p>BELGIQUE<\/p>\n<p>Westvaartdijk, 93B<\/p>\n<p>1850 Grimbergen<\/p>\n<p>T\u00e9l : 02 460 12 12<\/p>\n<p><a href=\"mailto:info@securityandprotection.com\">info@securityandprotection.com<\/a><\/p>\n<p>[\/et_pb_text][\/et_pb_column][et_pb_column type=\u00a0\u00bb1_3&Prime; _builder_version=\u00a0\u00bb4.27.4&Prime; _module_preset=\u00a0\u00bbdefault\u00a0\u00bb global_colors_info=\u00a0\u00bb{}\u00a0\u00bb][et_pb_text _builder_version=\u00a0\u00bb4.27.4&Prime; _module_preset=\u00a0\u00bbdefault\u00a0\u00bb text_font=\u00a0\u00bbRoboto|500|||||||\u00a0\u00bb text_text_color=\u00a0\u00bb#000000&Prime; text_font_size=\u00a0\u00bb11px\u00a0\u00bb text_line_height=\u00a0\u00bb1.1em\u00a0\u00bb header_font=\u00a0\u00bbRoboto||||||||\u00a0\u00bb header_text_color=\u00a0\u00bb#000000&Prime; global_colors_info=\u00a0\u00bb{}\u00a0\u00bb]<\/p>\n<p>FRANCE<\/p>\n<p><span>4 all\u00e9e du trait d&rsquo;union<\/span><\/p>\n<p><span>FR 77127 Lieusaint<\/span><\/p>\n<p><i class=\"icon-phone\"><\/i><span>T\u00e9l :\u00a0 01 60 60 17 17<\/span><\/p>\n<p><i class=\"icon-mail\"><\/i><span><a href=\"mailto:%63%6f%6e%74%61%63%74@%73%65%63%75%72%69%74%79%61%6e%64%70%72%6f%74%65%63%74%69%6f%6e.%66%72\">contact@securityandprotection.fr<\/a><\/span><\/p>\n<p>[\/et_pb_text][\/et_pb_column][\/et_pb_row][\/et_pb_section]<\/p>\n","protected":false},"excerpt":{"rendered":"<p>Les t\u00e9l\u00e9phones portables sont d\u00e9sormais interdits dans toutes les \u00e9coles francophones belges. \u00ab\u00a0Z\u00e9nitudePocket\u00a0\u00bb, c\u2019est une solution anti-ondes simple, efficace, peu on\u00e9reuse et conforme \u00e0 la nouvelle r\u00e9glementation ; Le d\u00e9fi pour votre \u00e9tablissement d\u00e8s la rentr\u00e9e de septembre 2025 : Faire respecter l\u2019interdiction totale des t\u00e9l\u00e9phones portables ; \u00c9viter les conflits avec les \u00e9l\u00e8ves et [&hellip;]<\/p>\n","protected":false},"author":1,"featured_media":0,"parent":0,"menu_order":0,"comment_status":"closed","ping_status":"closed","template":"","meta":{"_et_pb_use_builder":"on","_et_pb_old_content":"","_et_gb_content_width":"","footnotes":""},"class_list":["post-56","page","type-page","status-publish","hentry"],"_links":{"self":[{"href":"http:\/\/www.zenitudepocket.com\/index.php?rest_route=\/wp\/v2\/pages\/56","targetHints":{"allow":["GET"]}}],"collection":[{"href":"http:\/\/www.zenitudepocket.com\/index.php?rest_route=\/wp\/v2\/pages"}],"about":[{"href":"http:\/\/www.zenitudepocket.com\/index.php?rest_route=\/wp\/v2\/types\/page"}],"author":[{"embeddable":true,"href":"http:\/\/www.zenitudepocket.com\/index.php?rest_route=\/wp\/v2\/users\/1"}],"replies":[{"embeddable":true,"href":"http:\/\/www.zenitudepocket.com\/index.php?rest_route=%2Fwp%2Fv2%2Fcomments&post=56"}],"version-history":[{"count":45,"href":"http:\/\/www.zenitudepocket.com\/index.php?rest_route=\/wp\/v2\/pages\/56\/revisions"}],"predecessor-version":[{"id":335,"href":"http:\/\/www.zenitudepocket.com\/index.php?rest_route=\/wp\/v2\/pages\/56\/revisions\/335"}],"wp:attachment":[{"href":"http:\/\/www.zenitudepocket.com\/index.php?rest_route=%2Fwp%2Fv2%2Fmedia&parent=56"}],"curies":[{"name":"wp","href":"https:\/\/api.w.org\/{rel}","templated":true}]}}