{"id":291,"date":"2025-11-27T21:04:15","date_gmt":"2025-11-27T20:04:15","guid":{"rendered":"http:\/\/www.zenitudepocket.com\/?page_id=291"},"modified":"2025-11-27T22:07:04","modified_gmt":"2025-11-27T21:07:04","slug":"pour-la-maison","status":"publish","type":"page","link":"http:\/\/www.zenitudepocket.com\/?page_id=291","title":{"rendered":"Pour la maison"},"content":{"rendered":"<p>[et_pb_section fb_built=\u00a0\u00bb1&Prime; _builder_version=\u00a0\u00bb4.27.4&Prime; _module_preset=\u00a0\u00bbdefault\u00a0\u00bb global_colors_info=\u00a0\u00bb{}\u00a0\u00bb][et_pb_row column_structure=\u00a0\u00bb2_3,1_3&Prime; _builder_version=\u00a0\u00bb4.27.4&Prime; _module_preset=\u00a0\u00bbdefault\u00a0\u00bb hover_enabled=\u00a0\u00bb0&Prime; global_colors_info=\u00a0\u00bb{}\u00a0\u00bb sticky_enabled=\u00a0\u00bb0&Prime;][et_pb_column type=\u00a0\u00bb2_3&Prime; _builder_version=\u00a0\u00bb4.27.4&Prime; _module_preset=\u00a0\u00bbdefault\u00a0\u00bb global_colors_info=\u00a0\u00bb{}\u00a0\u00bb][et_pb_text _builder_version=\u00a0\u00bb4.27.4&Prime; _module_preset=\u00a0\u00bbdefault\u00a0\u00bb global_colors_info=\u00a0\u00bb{}\u00a0\u00bb]<\/p>\n<p><span style=\"font-size: large;\">Pour la Maison<\/span><strong><em><\/em><\/strong><\/p>\n<p><strong><em>Fini les tensions au sein de la famille, gr\u00e2ce \u00e0 la <span style=\"font-size: large;\">Z\u00e9nitude<span style=\"color: #ff0000;\">Pocket<\/span><\/span>, l\u2019\u00e9tui anti-ondes qui permet de faire une pause num\u00e9rique.<\/em><\/strong><\/p>\n<p><em>A une heure d\u00e9finie le\/les ados viennent d\u00e9poser leur portable dans l\u2019\u00e9tui, celui-ci est referm\u00e9 par le\/les parents (codes \u00e0 5 chiffres), \u00a0les ados peuvent le r\u00e9cup\u00e9rer lorsque la pause num\u00e9rique s\u2019est achev\u00e9e.<\/em><\/p>\n<p><em>(par exemple le matin, apr\u00e8s une certaine heure, apr\u00e8s le diner, etc\u2026)<\/em><\/p>\n<p><span style=\"color: #ff0000;\"><strong><em>Fini les conflits, nuits blanches, l\u2019exc\u00e8s num\u00e9rique.<\/em><\/strong><\/span><\/p>\n<p><strong><em>Enfin de la s\u00e9r\u00e9nit\u00e9 dans la famille gr\u00e2ce \u00e0<\/em><\/strong> <span style=\"font-size: large;\"><strong><em>Z\u00e9nitude<\/em><em><span style=\"color: #ff0000;\">Pocket<\/span><\/em><\/strong><\/span><\/p>\n<p>[\/et_pb_text][\/et_pb_column][et_pb_column type=\u00a0\u00bb1_3&Prime; _builder_version=\u00a0\u00bb4.27.4&Prime; _module_preset=\u00a0\u00bbdefault\u00a0\u00bb global_colors_info=\u00a0\u00bb{}\u00a0\u00bb][et_pb_image src=\u00a0\u00bbhttp:\/\/www.zenitudepocket.com\/wp-content\/uploads\/2025\/11\/IMG250809_50-300&#215;296.jpg\u00a0\u00bb title_text=\u00a0\u00bbIMG250809_50&Prime; _builder_version=\u00a0\u00bb4.27.4&Prime; _module_preset=\u00a0\u00bbdefault\u00a0\u00bb hover_enabled=\u00a0\u00bb0&Prime; global_colors_info=\u00a0\u00bb{}\u00a0\u00bb sticky_enabled=\u00a0\u00bb0&Prime;][\/et_pb_image][\/et_pb_column][\/et_pb_row][\/et_pb_section]<\/p>\n","protected":false},"excerpt":{"rendered":"<p>Pour la Maison Fini les tensions au sein de la famille, gr\u00e2ce \u00e0 la Z\u00e9nitudePocket, l\u2019\u00e9tui anti-ondes qui permet de faire une pause num\u00e9rique. A une heure d\u00e9finie le\/les ados viennent d\u00e9poser leur portable dans l\u2019\u00e9tui, celui-ci est referm\u00e9 par le\/les parents (codes \u00e0 5 chiffres), \u00a0les ados peuvent le r\u00e9cup\u00e9rer lorsque la pause num\u00e9rique [&hellip;]<\/p>\n","protected":false},"author":1,"featured_media":0,"parent":0,"menu_order":0,"comment_status":"closed","ping_status":"closed","template":"","meta":{"_et_pb_use_builder":"on","_et_pb_old_content":"","_et_gb_content_width":"","footnotes":""},"class_list":["post-291","page","type-page","status-publish","hentry"],"_links":{"self":[{"href":"http:\/\/www.zenitudepocket.com\/index.php?rest_route=\/wp\/v2\/pages\/291","targetHints":{"allow":["GET"]}}],"collection":[{"href":"http:\/\/www.zenitudepocket.com\/index.php?rest_route=\/wp\/v2\/pages"}],"about":[{"href":"http:\/\/www.zenitudepocket.com\/index.php?rest_route=\/wp\/v2\/types\/page"}],"author":[{"embeddable":true,"href":"http:\/\/www.zenitudepocket.com\/index.php?rest_route=\/wp\/v2\/users\/1"}],"replies":[{"embeddable":true,"href":"http:\/\/www.zenitudepocket.com\/index.php?rest_route=%2Fwp%2Fv2%2Fcomments&post=291"}],"version-history":[{"count":7,"href":"http:\/\/www.zenitudepocket.com\/index.php?rest_route=\/wp\/v2\/pages\/291\/revisions"}],"predecessor-version":[{"id":329,"href":"http:\/\/www.zenitudepocket.com\/index.php?rest_route=\/wp\/v2\/pages\/291\/revisions\/329"}],"wp:attachment":[{"href":"http:\/\/www.zenitudepocket.com\/index.php?rest_route=%2Fwp%2Fv2%2Fmedia&parent=291"}],"curies":[{"name":"wp","href":"https:\/\/api.w.org\/{rel}","templated":true}]}}